{"id":1819,"date":"2021-03-02T17:18:52","date_gmt":"2021-03-02T17:18:52","guid":{"rendered":"https:\/\/bespokecolombia.com\/politica-ambiental\/"},"modified":"2021-03-02T17:18:52","modified_gmt":"2021-03-02T17:18:52","slug":"politica-ambiental","status":"publish","type":"page","link":"https:\/\/bespokecolombia.com\/pt-br\/politica-ambiental\/","title":{"rendered":"Pol\u00edtica ambiental"},"content":{"rendered":"<p><strong>Pol\u00edtica ambiental\/Enviromental Policy<\/strong><\/p>\n<p>El Hotel Casa la Fe en conciencia del impacto de su actividad en el medio ambiente, se compromete a incorporar conceptos y pr\u00e1cticas de cuidado ambiental en sus procesos diarios, que garanticen un desarrollo sostenible del entorno; cumpliendo con toda la legislaci\u00f3n vigente en materia ambiental y promoviendo una cultura organizacional encaminada al cuidado y preservaci\u00f3n del medio ambiente.<\/p>\n<p>Para garantizar el cumplimiento de este prop\u00f3sito nos proponemos:<\/p>\n<ul>\n<li>Velar por el comportamiento amigable con el medio ambiente de todas nuestras funciones y actividades.<\/li>\n<li>Adoptar medidas para reducir el impacto ambiental producido por el uso y manipulaci\u00f3n de productos qu\u00edmicos, el consumo de agua y de energ\u00eda y gesti\u00f3n inadecuada de los residuos, es nuestra principal tarea.<\/li>\n<li>Revisar peri\u00f3dicamente el estado de la protecci\u00f3n ambiental para verificar avances realizados y realizar ajustes en nuestros objetivos y metas para minimizar el impacto ambiental provocado por nuestras actividades. Esta revisi\u00f3n hace posible la elaboraci\u00f3n de programas ambientales encaminados a la mejora continua y la prevenci\u00f3n de la contaminaci\u00f3n.<\/li>\n<li>Cumplir con la legislaci\u00f3n y reglamentaci\u00f3n ambiental vigente que sean aplicables a nuestras actividades.<\/li>\n<li>Trabajar para fomentar la sensibilizaci\u00f3n, concientizaci\u00f3n y comunicaci\u00f3n con el medio ambiente a todo nuestro equipo de trabajo, y motivarlos para que su comportamiento en sus puestos de trabajo reflejen esa sensibilizaci\u00f3n ambiental.<\/li>\n<li>Permitir la prevenci\u00f3n de la contaminaci\u00f3n a partir de la implementaci\u00f3n de programas para el manejo de la contaminaci\u00f3n auditiva, visual y atmosf\u00e9rica generada en el Hotel.<\/li>\n<li>Mejorar continuamente, a partir del cumplimiento de los programas ambientales establecidos.<\/li>\n<\/ul>\n<p><u><a href=\"https:\/\/bespokecolombia.com\/wp-content\/uploads\/2019\/09\/FLORA-Y-FAUNA.pdf\">Conozca las especies protegidas en Colombia<\/a><\/u><\/p>\n<p>Apoyamos el programa\u00a0TUS ACCIONES CUENTAN \u2013 SE UN VIAJERO RESPONSABLE\u00a0de La Organizaci\u00f3n Mundial del Turismo, La Oficina de las Naciones Unidas Contra la Droga y el Delito y la UNESCO; la cual\u00a0invita a los turistas a convertirse en viajeros responsables y ayudar a combatir el tr\u00e1fico il\u00edcito.\u00a0La campa\u00f1a\u00a0\u00abTus acciones cuentan: s\u00e9 un viajero responsable\u00bb\u00a0aspira a sensibilizar a los turistas de todo el mundo sobre c\u00f3mo pueden ayudar a combatir el tr\u00e1fico il\u00edcito, haciendo que comprendan mejor las considerables implicaciones delictivas que pueden ocultar detr\u00e1s de algunas decisiones adoptadas durante un viaje.\u00a0Con m\u00e1s de 1.000 millones de turistas viajando por el mundo cada a\u00f1o, el sector tur\u00edstico debe reconocer su enorme potencial para favorecer los cambios.<\/p>\n<p>#traveldonttraffic<\/p>\n","protected":false},"excerpt":{"rendered":"<p>Pol\u00edtica ambiental\/Enviromental Policy El Hotel Casa la Fe en conciencia del impacto de su actividad en el medio ambiente, se compromete a incorporar conceptos y pr\u00e1cticas<span class=\"excerpt-hellip\"> [\u2026]<\/span><\/p>\n","protected":false},"author":1,"featured_media":0,"parent":0,"menu_order":0,"comment_status":"closed","ping_status":"open","template":"","meta":{"footnotes":""},"class_list":["post-1819","page","type-page","status-publish","hentry"],"_links":{"self":[{"href":"https:\/\/bespokecolombia.com\/pt-br\/wp-json\/wp\/v2\/pages\/1819","targetHints":{"allow":["GET"]}}],"collection":[{"href":"https:\/\/bespokecolombia.com\/pt-br\/wp-json\/wp\/v2\/pages"}],"about":[{"href":"https:\/\/bespokecolombia.com\/pt-br\/wp-json\/wp\/v2\/types\/page"}],"author":[{"embeddable":true,"href":"https:\/\/bespokecolombia.com\/pt-br\/wp-json\/wp\/v2\/users\/1"}],"replies":[{"embeddable":true,"href":"https:\/\/bespokecolombia.com\/pt-br\/wp-json\/wp\/v2\/comments?post=1819"}],"version-history":[{"count":0,"href":"https:\/\/bespokecolombia.com\/pt-br\/wp-json\/wp\/v2\/pages\/1819\/revisions"}],"wp:attachment":[{"href":"https:\/\/bespokecolombia.com\/pt-br\/wp-json\/wp\/v2\/media?parent=1819"}],"curies":[{"name":"wp","href":"https:\/\/api.w.org\/{rel}","templated":true}]}}